{"id":4012,"date":"2018-08-06T15:46:35","date_gmt":"2018-08-06T13:46:35","guid":{"rendered":"https:\/\/blog.topsolid.com\/home\/"},"modified":"2026-03-04T14:38:16","modified_gmt":"2026-03-04T13:38:16","slug":"home","status":"publish","type":"page","link":"https:\/\/blog.topsolid.com\/de-ch\/","title":{"rendered":"Startseite"},"content":{"rendered":"<p>[et_pb_section fb_built=&#187;1&#8243; fullwidth=&#187;on&#187; _builder_version=&#187;4.16&#8243; custom_padding=&#187;0px|0px|40px|0px|false|false&#187; global_colors_info=&#187;{}&#187;][et_pb_fullwidth_image src=&#187;https:\/\/blog.topsolid.com\/wp-content\/uploads\/2026\/03\/TOPSOLID-Blog-Allemand.jpg&#187; title_text=&#187;TOPSOLID &#8211; Blog &#8211; Allemand&#187; _builder_version=&#187;4.27.4&#8243; hover_enabled=&#187;0&#8243; global_colors_info=&#187;{}&#187; sticky_enabled=&#187;0&#8243;][\/et_pb_fullwidth_image][\/et_pb_section][et_pb_section fb_built=&#187;1&#8243; _builder_version=&#187;4.16&#8243; custom_margin=&#187;12px||0px|&#187; custom_padding=&#187;0px||0px|&#187; global_colors_info=&#187;{}&#187;][et_pb_row column_structure=&#187;3_4,1_4&#8243; module_class=&#187; et_pb_row_fullwidth&#187; _builder_version=&#187;4.16&#8243; width=&#187;89%&#187; width_tablet=&#187;80%&#187; width_phone=&#187;&#187; width_last_edited=&#187;on|desktop&#187; max_width=&#187;89%&#187; max_width_tablet=&#187;80%&#187; max_width_phone=&#187;&#187; max_width_last_edited=&#187;on|desktop&#187; custom_padding=&#187;0|0px|27px|0px|false|false&#187; make_fullwidth=&#187;on&#187; global_colors_info=&#187;{}&#187;][et_pb_column type=&#187;3_4&#8243; _builder_version=&#187;4.16&#8243; custom_padding=&#187;|||&#187; global_colors_info=&#187;{}&#187; custom_padding__hover=&#187;|||&#187;][et_pb_blog fullwidth=&#187;off&#187; posts_number=&#187;20&#8243; meta_date=&#187;j M Y&#187; show_more=&#187;on&#187; show_author=&#187;off&#187; show_date=&#187;off&#187; show_categories=&#187;off&#187; use_overlay=&#187;on&#187; _builder_version=&#187;4.17.4&#8243; parallax=&#187;on&#187; module_alignment=&#187;left&#187; custom_padding=&#187;||||false&#187; saved_tabs=&#187;all&#187; global_colors_info=&#187;{}&#187;][\/et_pb_blog][\/et_pb_column][et_pb_column type=&#187;1_4&#8243; _builder_version=&#187;4.16&#8243; custom_padding=&#187;|||&#187; global_colors_info=&#187;{}&#187; custom_padding__hover=&#187;|||&#187;][et_pb_sidebar area=&#187;sidebar-1&#8243; show_border=&#187;off&#187; _builder_version=&#187;4.16&#8243; global_colors_info=&#187;{}&#187;][\/et_pb_sidebar][\/et_pb_column][\/et_pb_row][\/et_pb_section]<\/p>\n","protected":false},"excerpt":{"rendered":"","protected":false},"author":1,"featured_media":0,"parent":0,"menu_order":0,"comment_status":"closed","ping_status":"closed","template":"","meta":{"_et_pb_use_builder":"on","_et_pb_old_content":"","_et_gb_content_width":"","content-type":"","_themeisle_gutenberg_block_has_review":false,"footnotes":""},"class_list":["post-4012","page","type-page","status-publish","hentry"],"yoast_head":"<!-- This site is optimized with the Yoast SEO plugin v26.5 - https:\/\/yoast.com\/wordpress\/plugins\/seo\/ -->\n<title>CAD\/CAM und PDM Blog | TopSolid&#039;Blog<\/title>\n<meta name=\"description\" content=\"TopSolid&#039;Blog, der Blog, der sich mit CAD\/CAM- und PDM-L\u00f6sungen besch\u00e4ftigt. Entdecken Sie unsere Ratschl\u00e4ge zur Verbesserung Ihrer Produktivit\u00e4t in Konstruktion, Fertigung und Management.\" \/>\n<meta name=\"robots\" content=\"index, follow, max-snippet:-1, max-image-preview:large, max-video-preview:-1\" \/>\n<link rel=\"canonical\" href=\"https:\/\/blog.topsolid.com\/de-ch\/\" \/>\n<meta property=\"og:locale\" content=\"de_DE\" \/>\n<meta property=\"og:type\" content=\"article\" \/>\n<meta property=\"og:title\" content=\"CAD\/CAM und PDM Blog | TopSolid&#039;Blog\" \/>\n<meta property=\"og:description\" content=\"TopSolid&#039;Blog, der Blog, der sich mit CAD\/CAM- und PDM-L\u00f6sungen besch\u00e4ftigt. Entdecken Sie unsere Ratschl\u00e4ge zur Verbesserung Ihrer Produktivit\u00e4t in Konstruktion, Fertigung und Management.\" \/>\n<meta property=\"og:url\" content=\"https:\/\/blog.topsolid.com\/de-ch\/\" \/>\n<meta property=\"og:site_name\" content=\"TopSolid&#039;Blog\" \/>\n<meta property=\"article:publisher\" content=\"https:\/\/www.facebook.com\/topsolid.corporate\" \/>\n<meta property=\"article:modified_time\" content=\"2026-03-04T13:38:16+00:00\" \/>\n<meta name=\"twitter:card\" content=\"summary_large_image\" \/>\n<meta name=\"twitter:site\" content=\"@TopSolid\" \/>\n<meta name=\"twitter:label1\" content=\"Gesch\u00e4tzte Lesezeit\" \/>\n\t<meta name=\"twitter:data1\" content=\"13\u00a0Minuten\" \/>\n<script type=\"application\/ld+json\" class=\"yoast-schema-graph\">{\"@context\":\"https:\/\/schema.org\",\"@graph\":[{\"@type\":\"WebPage\",\"@id\":\"https:\/\/blog.topsolid.com\/de-ch\/\",\"url\":\"https:\/\/blog.topsolid.com\/de-ch\/\",\"name\":\"CAD\/CAM und PDM Blog | TopSolid'Blog\",\"isPartOf\":{\"@id\":\"https:\/\/blog.topsolid.com\/de-ch\/#website\"},\"datePublished\":\"2018-08-06T13:46:35+00:00\",\"dateModified\":\"2026-03-04T13:38:16+00:00\",\"description\":\"TopSolid'Blog, der Blog, der sich mit CAD\/CAM- und PDM-L\u00f6sungen besch\u00e4ftigt. Entdecken Sie unsere Ratschl\u00e4ge zur Verbesserung Ihrer Produktivit\u00e4t in Konstruktion, Fertigung und Management.\",\"breadcrumb\":{\"@id\":\"https:\/\/blog.topsolid.com\/de-ch\/#breadcrumb\"},\"inLanguage\":\"de-CH\",\"potentialAction\":[{\"@type\":\"ReadAction\",\"target\":[\"https:\/\/blog.topsolid.com\/de-ch\/\"]}]},{\"@type\":\"BreadcrumbList\",\"@id\":\"https:\/\/blog.topsolid.com\/de-ch\/#breadcrumb\",\"itemListElement\":[{\"@type\":\"ListItem\",\"position\":1,\"name\":\"Accueil\",\"item\":\"https:\/\/blog.topsolid.com\/de-ch\/\"},{\"@type\":\"ListItem\",\"position\":2,\"name\":\"Startseite\"}]},{\"@type\":\"WebSite\",\"@id\":\"https:\/\/blog.topsolid.com\/de-ch\/#website\",\"url\":\"https:\/\/blog.topsolid.com\/de-ch\/\",\"name\":\"TopSolid&#039;Blog\",\"description\":\"TopSolid Official Blog\",\"publisher\":{\"@id\":\"https:\/\/blog.topsolid.com\/de-ch\/#organization\"},\"potentialAction\":[{\"@type\":\"SearchAction\",\"target\":{\"@type\":\"EntryPoint\",\"urlTemplate\":\"https:\/\/blog.topsolid.com\/de-ch\/?s={search_term_string}\"},\"query-input\":{\"@type\":\"PropertyValueSpecification\",\"valueRequired\":true,\"valueName\":\"search_term_string\"}}],\"inLanguage\":\"de-CH\"},{\"@type\":\"Organization\",\"@id\":\"https:\/\/blog.topsolid.com\/de-ch\/#organization\",\"name\":\"TOPSOLID SAS\",\"url\":\"https:\/\/blog.topsolid.com\/de-ch\/\",\"logo\":{\"@type\":\"ImageObject\",\"inLanguage\":\"de-CH\",\"@id\":\"https:\/\/blog.topsolid.com\/de-ch\/#\/schema\/logo\/image\/\",\"url\":\"https:\/\/blog.topsolid.com\/wp-content\/uploads\/2020\/09\/LogoTopSolid.png\",\"contentUrl\":\"https:\/\/blog.topsolid.com\/wp-content\/uploads\/2020\/09\/LogoTopSolid.png\",\"width\":1429,\"height\":353,\"caption\":\"TOPSOLID SAS\"},\"image\":{\"@id\":\"https:\/\/blog.topsolid.com\/de-ch\/#\/schema\/logo\/image\/\"},\"sameAs\":[\"https:\/\/www.facebook.com\/topsolid.corporate\",\"https:\/\/x.com\/TopSolid\",\"https:\/\/www.linkedin.com\/company\/topsolid-corporate\"]}]}<\/script>\n<!-- \/ Yoast SEO plugin. -->","yoast_head_json":{"title":"CAD\/CAM und PDM Blog | TopSolid'Blog","description":"TopSolid'Blog, der Blog, der sich mit CAD\/CAM- und PDM-L\u00f6sungen besch\u00e4ftigt. Entdecken Sie unsere Ratschl\u00e4ge zur Verbesserung Ihrer Produktivit\u00e4t in Konstruktion, Fertigung und Management.","robots":{"index":"index","follow":"follow","max-snippet":"max-snippet:-1","max-image-preview":"max-image-preview:large","max-video-preview":"max-video-preview:-1"},"canonical":"https:\/\/blog.topsolid.com\/de-ch\/","og_locale":"de_DE","og_type":"article","og_title":"CAD\/CAM und PDM Blog | TopSolid'Blog","og_description":"TopSolid'Blog, der Blog, der sich mit CAD\/CAM- und PDM-L\u00f6sungen besch\u00e4ftigt. Entdecken Sie unsere Ratschl\u00e4ge zur Verbesserung Ihrer Produktivit\u00e4t in Konstruktion, Fertigung und Management.","og_url":"https:\/\/blog.topsolid.com\/de-ch\/","og_site_name":"TopSolid&#039;Blog","article_publisher":"https:\/\/www.facebook.com\/topsolid.corporate","article_modified_time":"2026-03-04T13:38:16+00:00","twitter_card":"summary_large_image","twitter_site":"@TopSolid","twitter_misc":{"Gesch\u00e4tzte Lesezeit":"13\u00a0Minuten"},"schema":{"@context":"https:\/\/schema.org","@graph":[{"@type":"WebPage","@id":"https:\/\/blog.topsolid.com\/de-ch\/","url":"https:\/\/blog.topsolid.com\/de-ch\/","name":"CAD\/CAM und PDM Blog | TopSolid'Blog","isPartOf":{"@id":"https:\/\/blog.topsolid.com\/de-ch\/#website"},"datePublished":"2018-08-06T13:46:35+00:00","dateModified":"2026-03-04T13:38:16+00:00","description":"TopSolid'Blog, der Blog, der sich mit CAD\/CAM- und PDM-L\u00f6sungen besch\u00e4ftigt. Entdecken Sie unsere Ratschl\u00e4ge zur Verbesserung Ihrer Produktivit\u00e4t in Konstruktion, Fertigung und Management.","breadcrumb":{"@id":"https:\/\/blog.topsolid.com\/de-ch\/#breadcrumb"},"inLanguage":"de-CH","potentialAction":[{"@type":"ReadAction","target":["https:\/\/blog.topsolid.com\/de-ch\/"]}]},{"@type":"BreadcrumbList","@id":"https:\/\/blog.topsolid.com\/de-ch\/#breadcrumb","itemListElement":[{"@type":"ListItem","position":1,"name":"Accueil","item":"https:\/\/blog.topsolid.com\/de-ch\/"},{"@type":"ListItem","position":2,"name":"Startseite"}]},{"@type":"WebSite","@id":"https:\/\/blog.topsolid.com\/de-ch\/#website","url":"https:\/\/blog.topsolid.com\/de-ch\/","name":"TopSolid&#039;Blog","description":"TopSolid Official Blog","publisher":{"@id":"https:\/\/blog.topsolid.com\/de-ch\/#organization"},"potentialAction":[{"@type":"SearchAction","target":{"@type":"EntryPoint","urlTemplate":"https:\/\/blog.topsolid.com\/de-ch\/?s={search_term_string}"},"query-input":{"@type":"PropertyValueSpecification","valueRequired":true,"valueName":"search_term_string"}}],"inLanguage":"de-CH"},{"@type":"Organization","@id":"https:\/\/blog.topsolid.com\/de-ch\/#organization","name":"TOPSOLID SAS","url":"https:\/\/blog.topsolid.com\/de-ch\/","logo":{"@type":"ImageObject","inLanguage":"de-CH","@id":"https:\/\/blog.topsolid.com\/de-ch\/#\/schema\/logo\/image\/","url":"https:\/\/blog.topsolid.com\/wp-content\/uploads\/2020\/09\/LogoTopSolid.png","contentUrl":"https:\/\/blog.topsolid.com\/wp-content\/uploads\/2020\/09\/LogoTopSolid.png","width":1429,"height":353,"caption":"TOPSOLID SAS"},"image":{"@id":"https:\/\/blog.topsolid.com\/de-ch\/#\/schema\/logo\/image\/"},"sameAs":["https:\/\/www.facebook.com\/topsolid.corporate","https:\/\/x.com\/TopSolid","https:\/\/www.linkedin.com\/company\/topsolid-corporate"]}]}},"_links":{"self":[{"href":"https:\/\/blog.topsolid.com\/de-ch\/wp-json\/wp\/v2\/pages\/4012","targetHints":{"allow":["GET"]}}],"collection":[{"href":"https:\/\/blog.topsolid.com\/de-ch\/wp-json\/wp\/v2\/pages"}],"about":[{"href":"https:\/\/blog.topsolid.com\/de-ch\/wp-json\/wp\/v2\/types\/page"}],"author":[{"embeddable":true,"href":"https:\/\/blog.topsolid.com\/de-ch\/wp-json\/wp\/v2\/users\/1"}],"replies":[{"embeddable":true,"href":"https:\/\/blog.topsolid.com\/de-ch\/wp-json\/wp\/v2\/comments?post=4012"}],"version-history":[{"count":22,"href":"https:\/\/blog.topsolid.com\/de-ch\/wp-json\/wp\/v2\/pages\/4012\/revisions"}],"predecessor-version":[{"id":14762,"href":"https:\/\/blog.topsolid.com\/de-ch\/wp-json\/wp\/v2\/pages\/4012\/revisions\/14762"}],"wp:attachment":[{"href":"https:\/\/blog.topsolid.com\/de-ch\/wp-json\/wp\/v2\/media?parent=4012"}],"curies":[{"name":"wp","href":"https:\/\/api.w.org\/{rel}","templated":true}]}}