{"id":5330,"date":"2018-08-06T15:46:35","date_gmt":"2018-08-06T13:46:35","guid":{"rendered":"https:\/\/blog.topsolid.com\/inicio\/"},"modified":"2026-03-04T14:42:42","modified_gmt":"2026-03-04T13:42:42","slug":"inicio","status":"publish","type":"page","link":"https:\/\/blog.topsolid.com\/es\/","title":{"rendered":"Inicio"},"content":{"rendered":"<p>[et_pb_section fb_built=\u00bb1&#8243; fullwidth=\u00bbon\u00bb _builder_version=\u00bb4.16&#8243; custom_padding=\u00bb0px|0px|40px|0px|false|false\u00bb global_colors_info=\u00bb{}\u00bb][et_pb_fullwidth_image src=\u00bbhttps:\/\/blog.topsolid.com\/wp-content\/uploads\/2026\/03\/TOPSOLID-Blog-Espagnol.jpg\u00bb title_text=\u00bbTOPSOLID &#8211; Blog &#8211; Espagnol\u00bb _builder_version=\u00bb4.27.4&#8243; hover_enabled=\u00bb0&#8243; global_colors_info=\u00bb{}\u00bb sticky_enabled=\u00bb0&#8243;][\/et_pb_fullwidth_image][\/et_pb_section][et_pb_section fb_built=\u00bb1&#8243; _builder_version=\u00bb4.16&#8243; custom_margin=\u00bb12px||0px|\u00bb custom_padding=\u00bb0px||0px|\u00bb global_colors_info=\u00bb{}\u00bb][et_pb_row column_structure=\u00bb3_4,1_4&#8243; module_class=\u00bb et_pb_row_fullwidth\u00bb _builder_version=\u00bb4.16&#8243; width=\u00bb89%\u00bb width_tablet=\u00bb80%\u00bb width_phone=\u00bb\u00bb width_last_edited=\u00bbon|desktop\u00bb max_width=\u00bb89%\u00bb max_width_tablet=\u00bb80%\u00bb max_width_phone=\u00bb\u00bb max_width_last_edited=\u00bbon|desktop\u00bb custom_padding=\u00bb0|0px|27px|0px|false|false\u00bb make_fullwidth=\u00bbon\u00bb global_colors_info=\u00bb{}\u00bb][et_pb_column type=\u00bb3_4&#8243; _builder_version=\u00bb4.16&#8243; custom_padding=\u00bb|||\u00bb global_colors_info=\u00bb{}\u00bb custom_padding__hover=\u00bb|||\u00bb][et_pb_blog fullwidth=\u00bboff\u00bb posts_number=\u00bb20&#8243; meta_date=\u00bbj M Y\u00bb show_more=\u00bbon\u00bb show_author=\u00bboff\u00bb show_date=\u00bboff\u00bb show_categories=\u00bboff\u00bb use_overlay=\u00bbon\u00bb _builder_version=\u00bb4.17.4&#8243; parallax=\u00bbon\u00bb module_alignment=\u00bbleft\u00bb custom_padding=\u00bb||||false\u00bb saved_tabs=\u00bball\u00bb global_colors_info=\u00bb{}\u00bb][\/et_pb_blog][\/et_pb_column][et_pb_column type=\u00bb1_4&#8243; _builder_version=\u00bb4.16&#8243; custom_padding=\u00bb|||\u00bb global_colors_info=\u00bb{}\u00bb custom_padding__hover=\u00bb|||\u00bb][et_pb_sidebar area=\u00bbsidebar-1&#8243; show_border=\u00bboff\u00bb _builder_version=\u00bb4.16&#8243; global_colors_info=\u00bb{}\u00bb][\/et_pb_sidebar][\/et_pb_column][\/et_pb_row][\/et_pb_section]<\/p>\n","protected":false},"excerpt":{"rendered":"","protected":false},"author":1,"featured_media":0,"parent":0,"menu_order":0,"comment_status":"closed","ping_status":"closed","template":"","meta":{"_et_pb_use_builder":"on","_et_pb_old_content":"","_et_gb_content_width":"","content-type":"","_themeisle_gutenberg_block_has_review":false,"footnotes":""},"class_list":["post-5330","page","type-page","status-publish","hentry"],"yoast_head":"<!-- This site is optimized with the Yoast SEO plugin v26.5 - https:\/\/yoast.com\/wordpress\/plugins\/seo\/ -->\n<title>Blog de CAD\/CAM | TopSolid&#039;Blog<\/title>\n<meta name=\"description\" content=\"TopSolid&#039;Blog, el blog dedicado a las soluciones CAD\/CAM. Descubra nuestros consejos para mejorar su productividad en el dise\u00f1o, la fabricaci\u00f3n y la gesti\u00f3n\" \/>\n<meta name=\"robots\" content=\"index, follow, max-snippet:-1, max-image-preview:large, max-video-preview:-1\" \/>\n<link rel=\"canonical\" href=\"https:\/\/blog.topsolid.com\/es\/\" \/>\n<meta property=\"og:locale\" content=\"es_ES\" \/>\n<meta property=\"og:type\" content=\"article\" \/>\n<meta property=\"og:title\" content=\"Blog de CAD\/CAM | TopSolid&#039;Blog\" \/>\n<meta property=\"og:description\" content=\"TopSolid&#039;Blog, el blog dedicado a las soluciones CAD\/CAM. Descubra nuestros consejos para mejorar su productividad en el dise\u00f1o, la fabricaci\u00f3n y la gesti\u00f3n\" \/>\n<meta property=\"og:url\" content=\"https:\/\/blog.topsolid.com\/es\/\" \/>\n<meta property=\"og:site_name\" content=\"TopSolid&#039;Blog\" \/>\n<meta property=\"article:publisher\" content=\"https:\/\/www.facebook.com\/topsolid.corporate\" \/>\n<meta property=\"article:modified_time\" content=\"2026-03-04T13:42:42+00:00\" \/>\n<meta name=\"twitter:card\" content=\"summary_large_image\" \/>\n<meta name=\"twitter:site\" content=\"@TopSolid\" \/>\n<meta name=\"twitter:label1\" content=\"Tiempo de lectura\" \/>\n\t<meta name=\"twitter:data1\" content=\"11 minutos\" \/>\n<script type=\"application\/ld+json\" class=\"yoast-schema-graph\">{\"@context\":\"https:\/\/schema.org\",\"@graph\":[{\"@type\":\"WebPage\",\"@id\":\"https:\/\/blog.topsolid.com\/es\/\",\"url\":\"https:\/\/blog.topsolid.com\/es\/\",\"name\":\"Blog de CAD\/CAM | TopSolid'Blog\",\"isPartOf\":{\"@id\":\"https:\/\/blog.topsolid.com\/es\/#website\"},\"datePublished\":\"2018-08-06T13:46:35+00:00\",\"dateModified\":\"2026-03-04T13:42:42+00:00\",\"description\":\"TopSolid'Blog, el blog dedicado a las soluciones CAD\/CAM. Descubra nuestros consejos para mejorar su productividad en el dise\u00f1o, la fabricaci\u00f3n y la gesti\u00f3n\",\"breadcrumb\":{\"@id\":\"https:\/\/blog.topsolid.com\/es\/#breadcrumb\"},\"inLanguage\":\"es\",\"potentialAction\":[{\"@type\":\"ReadAction\",\"target\":[\"https:\/\/blog.topsolid.com\/es\/\"]}]},{\"@type\":\"BreadcrumbList\",\"@id\":\"https:\/\/blog.topsolid.com\/es\/#breadcrumb\",\"itemListElement\":[{\"@type\":\"ListItem\",\"position\":1,\"name\":\"Accueil\",\"item\":\"https:\/\/blog.topsolid.com\/es\/\"},{\"@type\":\"ListItem\",\"position\":2,\"name\":\"Inicio\"}]},{\"@type\":\"WebSite\",\"@id\":\"https:\/\/blog.topsolid.com\/es\/#website\",\"url\":\"https:\/\/blog.topsolid.com\/es\/\",\"name\":\"TopSolid&#039;Blog\",\"description\":\"TopSolid Official Blog\",\"publisher\":{\"@id\":\"https:\/\/blog.topsolid.com\/es\/#organization\"},\"potentialAction\":[{\"@type\":\"SearchAction\",\"target\":{\"@type\":\"EntryPoint\",\"urlTemplate\":\"https:\/\/blog.topsolid.com\/es\/?s={search_term_string}\"},\"query-input\":{\"@type\":\"PropertyValueSpecification\",\"valueRequired\":true,\"valueName\":\"search_term_string\"}}],\"inLanguage\":\"es\"},{\"@type\":\"Organization\",\"@id\":\"https:\/\/blog.topsolid.com\/es\/#organization\",\"name\":\"TOPSOLID SAS\",\"url\":\"https:\/\/blog.topsolid.com\/es\/\",\"logo\":{\"@type\":\"ImageObject\",\"inLanguage\":\"es\",\"@id\":\"https:\/\/blog.topsolid.com\/es\/#\/schema\/logo\/image\/\",\"url\":\"https:\/\/blog.topsolid.com\/wp-content\/uploads\/2020\/09\/LogoTopSolid.png\",\"contentUrl\":\"https:\/\/blog.topsolid.com\/wp-content\/uploads\/2020\/09\/LogoTopSolid.png\",\"width\":1429,\"height\":353,\"caption\":\"TOPSOLID SAS\"},\"image\":{\"@id\":\"https:\/\/blog.topsolid.com\/es\/#\/schema\/logo\/image\/\"},\"sameAs\":[\"https:\/\/www.facebook.com\/topsolid.corporate\",\"https:\/\/x.com\/TopSolid\",\"https:\/\/www.linkedin.com\/company\/topsolid-corporate\"]}]}<\/script>\n<!-- \/ Yoast SEO plugin. -->","yoast_head_json":{"title":"Blog de CAD\/CAM | TopSolid'Blog","description":"TopSolid'Blog, el blog dedicado a las soluciones CAD\/CAM. Descubra nuestros consejos para mejorar su productividad en el dise\u00f1o, la fabricaci\u00f3n y la gesti\u00f3n","robots":{"index":"index","follow":"follow","max-snippet":"max-snippet:-1","max-image-preview":"max-image-preview:large","max-video-preview":"max-video-preview:-1"},"canonical":"https:\/\/blog.topsolid.com\/es\/","og_locale":"es_ES","og_type":"article","og_title":"Blog de CAD\/CAM | TopSolid'Blog","og_description":"TopSolid'Blog, el blog dedicado a las soluciones CAD\/CAM. Descubra nuestros consejos para mejorar su productividad en el dise\u00f1o, la fabricaci\u00f3n y la gesti\u00f3n","og_url":"https:\/\/blog.topsolid.com\/es\/","og_site_name":"TopSolid&#039;Blog","article_publisher":"https:\/\/www.facebook.com\/topsolid.corporate","article_modified_time":"2026-03-04T13:42:42+00:00","twitter_card":"summary_large_image","twitter_site":"@TopSolid","twitter_misc":{"Tiempo de lectura":"11 minutos"},"schema":{"@context":"https:\/\/schema.org","@graph":[{"@type":"WebPage","@id":"https:\/\/blog.topsolid.com\/es\/","url":"https:\/\/blog.topsolid.com\/es\/","name":"Blog de CAD\/CAM | TopSolid'Blog","isPartOf":{"@id":"https:\/\/blog.topsolid.com\/es\/#website"},"datePublished":"2018-08-06T13:46:35+00:00","dateModified":"2026-03-04T13:42:42+00:00","description":"TopSolid'Blog, el blog dedicado a las soluciones CAD\/CAM. Descubra nuestros consejos para mejorar su productividad en el dise\u00f1o, la fabricaci\u00f3n y la gesti\u00f3n","breadcrumb":{"@id":"https:\/\/blog.topsolid.com\/es\/#breadcrumb"},"inLanguage":"es","potentialAction":[{"@type":"ReadAction","target":["https:\/\/blog.topsolid.com\/es\/"]}]},{"@type":"BreadcrumbList","@id":"https:\/\/blog.topsolid.com\/es\/#breadcrumb","itemListElement":[{"@type":"ListItem","position":1,"name":"Accueil","item":"https:\/\/blog.topsolid.com\/es\/"},{"@type":"ListItem","position":2,"name":"Inicio"}]},{"@type":"WebSite","@id":"https:\/\/blog.topsolid.com\/es\/#website","url":"https:\/\/blog.topsolid.com\/es\/","name":"TopSolid&#039;Blog","description":"TopSolid Official Blog","publisher":{"@id":"https:\/\/blog.topsolid.com\/es\/#organization"},"potentialAction":[{"@type":"SearchAction","target":{"@type":"EntryPoint","urlTemplate":"https:\/\/blog.topsolid.com\/es\/?s={search_term_string}"},"query-input":{"@type":"PropertyValueSpecification","valueRequired":true,"valueName":"search_term_string"}}],"inLanguage":"es"},{"@type":"Organization","@id":"https:\/\/blog.topsolid.com\/es\/#organization","name":"TOPSOLID SAS","url":"https:\/\/blog.topsolid.com\/es\/","logo":{"@type":"ImageObject","inLanguage":"es","@id":"https:\/\/blog.topsolid.com\/es\/#\/schema\/logo\/image\/","url":"https:\/\/blog.topsolid.com\/wp-content\/uploads\/2020\/09\/LogoTopSolid.png","contentUrl":"https:\/\/blog.topsolid.com\/wp-content\/uploads\/2020\/09\/LogoTopSolid.png","width":1429,"height":353,"caption":"TOPSOLID SAS"},"image":{"@id":"https:\/\/blog.topsolid.com\/es\/#\/schema\/logo\/image\/"},"sameAs":["https:\/\/www.facebook.com\/topsolid.corporate","https:\/\/x.com\/TopSolid","https:\/\/www.linkedin.com\/company\/topsolid-corporate"]}]}},"_links":{"self":[{"href":"https:\/\/blog.topsolid.com\/es\/wp-json\/wp\/v2\/pages\/5330","targetHints":{"allow":["GET"]}}],"collection":[{"href":"https:\/\/blog.topsolid.com\/es\/wp-json\/wp\/v2\/pages"}],"about":[{"href":"https:\/\/blog.topsolid.com\/es\/wp-json\/wp\/v2\/types\/page"}],"author":[{"embeddable":true,"href":"https:\/\/blog.topsolid.com\/es\/wp-json\/wp\/v2\/users\/1"}],"replies":[{"embeddable":true,"href":"https:\/\/blog.topsolid.com\/es\/wp-json\/wp\/v2\/comments?post=5330"}],"version-history":[{"count":22,"href":"https:\/\/blog.topsolid.com\/es\/wp-json\/wp\/v2\/pages\/5330\/revisions"}],"predecessor-version":[{"id":14778,"href":"https:\/\/blog.topsolid.com\/es\/wp-json\/wp\/v2\/pages\/5330\/revisions\/14778"}],"wp:attachment":[{"href":"https:\/\/blog.topsolid.com\/es\/wp-json\/wp\/v2\/media?parent=5330"}],"curies":[{"name":"wp","href":"https:\/\/api.w.org\/{rel}","templated":true}]}}