{"id":29,"date":"2018-08-06T15:46:35","date_gmt":"2018-08-06T13:46:35","guid":{"rendered":"http:\/\/blog.topsolid.fr\/?page_id=29"},"modified":"2026-03-04T14:37:20","modified_gmt":"2026-03-04T13:37:20","slug":"accueil","status":"publish","type":"page","link":"https:\/\/blog.topsolid.com\/fr\/","title":{"rendered":"Accueil"},"content":{"rendered":"<p>[et_pb_section fb_built=\u00a0\u00bb1&Prime; fullwidth=\u00a0\u00bbon\u00a0\u00bb _builder_version=\u00a0\u00bb4.16&Prime; custom_padding=\u00a0\u00bb0px|0px|40px|0px|false|false\u00a0\u00bb global_colors_info=\u00a0\u00bb{}\u00a0\u00bb][et_pb_fullwidth_image src=\u00a0\u00bbhttps:\/\/blog.topsolid.com\/wp-content\/uploads\/2026\/03\/TOPSOLID-Blog-Francais.jpg\u00a0\u00bb alt=\u00a0\u00bbTopSolid&rsquo;Blog\u00a0\u00bb title_text=\u00a0\u00bbTOPSOLID &#8211; Blog &#8211; Fran\u00e7ais\u00a0\u00bb _builder_version=\u00a0\u00bb4.27.4&Prime; hover_enabled=\u00a0\u00bb0&Prime; global_colors_info=\u00a0\u00bb{}\u00a0\u00bb sticky_enabled=\u00a0\u00bb0&Prime;][\/et_pb_fullwidth_image][\/et_pb_section][et_pb_section fb_built=\u00a0\u00bb1&Prime; _builder_version=\u00a0\u00bb4.16&Prime; custom_margin=\u00a0\u00bb12px||0px|\u00a0\u00bb custom_padding=\u00a0\u00bb0px||0px|\u00a0\u00bb global_colors_info=\u00a0\u00bb{}\u00a0\u00bb][et_pb_row column_structure=\u00a0\u00bb3_4,1_4&Prime; module_class=\u00a0\u00bb et_pb_row_fullwidth\u00a0\u00bb _builder_version=\u00a0\u00bb4.16&Prime; width=\u00a0\u00bb89%\u00a0\u00bb width_tablet=\u00a0\u00bb80%\u00a0\u00bb width_phone=\u00a0\u00bb\u00a0\u00bb width_last_edited=\u00a0\u00bbon|desktop\u00a0\u00bb max_width=\u00a0\u00bb89%\u00a0\u00bb max_width_tablet=\u00a0\u00bb80%\u00a0\u00bb max_width_phone=\u00a0\u00bb\u00a0\u00bb max_width_last_edited=\u00a0\u00bbon|desktop\u00a0\u00bb custom_padding=\u00a0\u00bb0|0px|27px|0px|false|false\u00a0\u00bb make_fullwidth=\u00a0\u00bbon\u00a0\u00bb global_colors_info=\u00a0\u00bb{}\u00a0\u00bb][et_pb_column type=\u00a0\u00bb3_4&Prime; _builder_version=\u00a0\u00bb4.16&Prime; custom_padding=\u00a0\u00bb|||\u00a0\u00bb global_colors_info=\u00a0\u00bb{}\u00a0\u00bb custom_padding__hover=\u00a0\u00bb|||\u00a0\u00bb][et_pb_blog fullwidth=\u00a0\u00bboff\u00a0\u00bb posts_number=\u00a0\u00bb20&Prime; meta_date=\u00a0\u00bbj M Y\u00a0\u00bb show_more=\u00a0\u00bbon\u00a0\u00bb show_author=\u00a0\u00bboff\u00a0\u00bb show_date=\u00a0\u00bboff\u00a0\u00bb show_categories=\u00a0\u00bboff\u00a0\u00bb use_overlay=\u00a0\u00bbon\u00a0\u00bb _builder_version=\u00a0\u00bb4.17.4&Prime; parallax=\u00a0\u00bbon\u00a0\u00bb module_alignment=\u00a0\u00bbleft\u00a0\u00bb custom_padding=\u00a0\u00bb||||false\u00a0\u00bb saved_tabs=\u00a0\u00bball\u00a0\u00bb global_colors_info=\u00a0\u00bb{}\u00a0\u00bb][\/et_pb_blog][\/et_pb_column][et_pb_column type=\u00a0\u00bb1_4&Prime; _builder_version=\u00a0\u00bb4.16&Prime; custom_padding=\u00a0\u00bb|||\u00a0\u00bb global_colors_info=\u00a0\u00bb{}\u00a0\u00bb custom_padding__hover=\u00a0\u00bb|||\u00a0\u00bb][et_pb_sidebar area=\u00a0\u00bbsidebar-1&Prime; show_border=\u00a0\u00bboff\u00a0\u00bb _builder_version=\u00a0\u00bb4.16&Prime; global_colors_info=\u00a0\u00bb{}\u00a0\u00bb][\/et_pb_sidebar][\/et_pb_column][\/et_pb_row][\/et_pb_section]<\/p>\n","protected":false},"excerpt":{"rendered":"","protected":false},"author":1,"featured_media":0,"parent":0,"menu_order":0,"comment_status":"closed","ping_status":"closed","template":"","meta":{"_et_pb_use_builder":"on","_et_pb_old_content":"","_et_gb_content_width":"","content-type":"","_themeisle_gutenberg_block_has_review":false,"footnotes":""},"class_list":["post-29","page","type-page","status-publish","hentry"],"yoast_head":"<!-- This site is optimized with the Yoast SEO plugin v26.5 - https:\/\/yoast.com\/wordpress\/plugins\/seo\/ -->\n<title>Blog de la CFAO et de l&#039;ERP | TopSolid&#039;Blog<\/title>\n<meta name=\"description\" content=\"TopSolid&#039;Blog, le blog d\u00e9di\u00e9 aux solutions CFAO et ERP. D\u00e9couvrez nos conseils pour am\u00e9liorer votre productivit\u00e9 de conception, fabrication et gestion\" \/>\n<meta name=\"robots\" content=\"index, follow, max-snippet:-1, max-image-preview:large, max-video-preview:-1\" \/>\n<link rel=\"canonical\" href=\"https:\/\/blog.topsolid.com\/fr\/\" \/>\n<meta property=\"og:locale\" content=\"fr_FR\" \/>\n<meta property=\"og:type\" content=\"article\" \/>\n<meta property=\"og:title\" content=\"Blog de la CFAO et de l&#039;ERP | TopSolid&#039;Blog\" \/>\n<meta property=\"og:description\" content=\"TopSolid&#039;Blog, le blog d\u00e9di\u00e9 aux solutions CFAO et ERP. D\u00e9couvrez nos conseils pour am\u00e9liorer votre productivit\u00e9 de conception, fabrication et gestion\" \/>\n<meta property=\"og:url\" content=\"https:\/\/blog.topsolid.com\/fr\/\" \/>\n<meta property=\"og:site_name\" content=\"TopSolid&#039;Blog\" \/>\n<meta property=\"article:publisher\" content=\"https:\/\/www.facebook.com\/topsolid.corporate\" \/>\n<meta property=\"article:modified_time\" content=\"2026-03-04T13:37:20+00:00\" \/>\n<meta name=\"twitter:card\" content=\"summary_large_image\" \/>\n<meta name=\"twitter:site\" content=\"@TopSolid\" \/>\n<meta name=\"twitter:label1\" content=\"Dur\u00e9e de lecture estim\u00e9e\" \/>\n\t<meta name=\"twitter:data1\" content=\"11 minutes\" \/>\n<script type=\"application\/ld+json\" class=\"yoast-schema-graph\">{\"@context\":\"https:\/\/schema.org\",\"@graph\":[{\"@type\":\"WebPage\",\"@id\":\"https:\/\/blog.topsolid.com\/fr\/\",\"url\":\"https:\/\/blog.topsolid.com\/fr\/\",\"name\":\"Blog de la CFAO et de l'ERP | TopSolid'Blog\",\"isPartOf\":{\"@id\":\"https:\/\/blog.topsolid.com\/fr\/#website\"},\"datePublished\":\"2018-08-06T13:46:35+00:00\",\"dateModified\":\"2026-03-04T13:37:20+00:00\",\"description\":\"TopSolid'Blog, le blog d\u00e9di\u00e9 aux solutions CFAO et ERP. D\u00e9couvrez nos conseils pour am\u00e9liorer votre productivit\u00e9 de conception, fabrication et gestion\",\"breadcrumb\":{\"@id\":\"https:\/\/blog.topsolid.com\/fr\/#breadcrumb\"},\"inLanguage\":\"fr-FR\",\"potentialAction\":[{\"@type\":\"ReadAction\",\"target\":[\"https:\/\/blog.topsolid.com\/fr\/\"]}]},{\"@type\":\"BreadcrumbList\",\"@id\":\"https:\/\/blog.topsolid.com\/fr\/#breadcrumb\",\"itemListElement\":[{\"@type\":\"ListItem\",\"position\":1,\"name\":\"Accueil\",\"item\":\"https:\/\/blog.topsolid.com\/fr\/\"},{\"@type\":\"ListItem\",\"position\":2,\"name\":\"Accueil\"}]},{\"@type\":\"WebSite\",\"@id\":\"https:\/\/blog.topsolid.com\/fr\/#website\",\"url\":\"https:\/\/blog.topsolid.com\/fr\/\",\"name\":\"TopSolid&#039;Blog\",\"description\":\"TopSolid Official Blog\",\"publisher\":{\"@id\":\"https:\/\/blog.topsolid.com\/fr\/#organization\"},\"potentialAction\":[{\"@type\":\"SearchAction\",\"target\":{\"@type\":\"EntryPoint\",\"urlTemplate\":\"https:\/\/blog.topsolid.com\/fr\/?s={search_term_string}\"},\"query-input\":{\"@type\":\"PropertyValueSpecification\",\"valueRequired\":true,\"valueName\":\"search_term_string\"}}],\"inLanguage\":\"fr-FR\"},{\"@type\":\"Organization\",\"@id\":\"https:\/\/blog.topsolid.com\/fr\/#organization\",\"name\":\"TOPSOLID SAS\",\"url\":\"https:\/\/blog.topsolid.com\/fr\/\",\"logo\":{\"@type\":\"ImageObject\",\"inLanguage\":\"fr-FR\",\"@id\":\"https:\/\/blog.topsolid.com\/fr\/#\/schema\/logo\/image\/\",\"url\":\"https:\/\/blog.topsolid.com\/wp-content\/uploads\/2020\/09\/LogoTopSolid.png\",\"contentUrl\":\"https:\/\/blog.topsolid.com\/wp-content\/uploads\/2020\/09\/LogoTopSolid.png\",\"width\":1429,\"height\":353,\"caption\":\"TOPSOLID SAS\"},\"image\":{\"@id\":\"https:\/\/blog.topsolid.com\/fr\/#\/schema\/logo\/image\/\"},\"sameAs\":[\"https:\/\/www.facebook.com\/topsolid.corporate\",\"https:\/\/x.com\/TopSolid\",\"https:\/\/www.linkedin.com\/company\/topsolid-corporate\"]}]}<\/script>\n<!-- \/ Yoast SEO plugin. -->","yoast_head_json":{"title":"Blog de la CFAO et de l'ERP | TopSolid'Blog","description":"TopSolid'Blog, le blog d\u00e9di\u00e9 aux solutions CFAO et ERP. D\u00e9couvrez nos conseils pour am\u00e9liorer votre productivit\u00e9 de conception, fabrication et gestion","robots":{"index":"index","follow":"follow","max-snippet":"max-snippet:-1","max-image-preview":"max-image-preview:large","max-video-preview":"max-video-preview:-1"},"canonical":"https:\/\/blog.topsolid.com\/fr\/","og_locale":"fr_FR","og_type":"article","og_title":"Blog de la CFAO et de l'ERP | TopSolid'Blog","og_description":"TopSolid'Blog, le blog d\u00e9di\u00e9 aux solutions CFAO et ERP. D\u00e9couvrez nos conseils pour am\u00e9liorer votre productivit\u00e9 de conception, fabrication et gestion","og_url":"https:\/\/blog.topsolid.com\/fr\/","og_site_name":"TopSolid&#039;Blog","article_publisher":"https:\/\/www.facebook.com\/topsolid.corporate","article_modified_time":"2026-03-04T13:37:20+00:00","twitter_card":"summary_large_image","twitter_site":"@TopSolid","twitter_misc":{"Dur\u00e9e de lecture estim\u00e9e":"11 minutes"},"schema":{"@context":"https:\/\/schema.org","@graph":[{"@type":"WebPage","@id":"https:\/\/blog.topsolid.com\/fr\/","url":"https:\/\/blog.topsolid.com\/fr\/","name":"Blog de la CFAO et de l'ERP | TopSolid'Blog","isPartOf":{"@id":"https:\/\/blog.topsolid.com\/fr\/#website"},"datePublished":"2018-08-06T13:46:35+00:00","dateModified":"2026-03-04T13:37:20+00:00","description":"TopSolid'Blog, le blog d\u00e9di\u00e9 aux solutions CFAO et ERP. D\u00e9couvrez nos conseils pour am\u00e9liorer votre productivit\u00e9 de conception, fabrication et gestion","breadcrumb":{"@id":"https:\/\/blog.topsolid.com\/fr\/#breadcrumb"},"inLanguage":"fr-FR","potentialAction":[{"@type":"ReadAction","target":["https:\/\/blog.topsolid.com\/fr\/"]}]},{"@type":"BreadcrumbList","@id":"https:\/\/blog.topsolid.com\/fr\/#breadcrumb","itemListElement":[{"@type":"ListItem","position":1,"name":"Accueil","item":"https:\/\/blog.topsolid.com\/fr\/"},{"@type":"ListItem","position":2,"name":"Accueil"}]},{"@type":"WebSite","@id":"https:\/\/blog.topsolid.com\/fr\/#website","url":"https:\/\/blog.topsolid.com\/fr\/","name":"TopSolid&#039;Blog","description":"TopSolid Official Blog","publisher":{"@id":"https:\/\/blog.topsolid.com\/fr\/#organization"},"potentialAction":[{"@type":"SearchAction","target":{"@type":"EntryPoint","urlTemplate":"https:\/\/blog.topsolid.com\/fr\/?s={search_term_string}"},"query-input":{"@type":"PropertyValueSpecification","valueRequired":true,"valueName":"search_term_string"}}],"inLanguage":"fr-FR"},{"@type":"Organization","@id":"https:\/\/blog.topsolid.com\/fr\/#organization","name":"TOPSOLID SAS","url":"https:\/\/blog.topsolid.com\/fr\/","logo":{"@type":"ImageObject","inLanguage":"fr-FR","@id":"https:\/\/blog.topsolid.com\/fr\/#\/schema\/logo\/image\/","url":"https:\/\/blog.topsolid.com\/wp-content\/uploads\/2020\/09\/LogoTopSolid.png","contentUrl":"https:\/\/blog.topsolid.com\/wp-content\/uploads\/2020\/09\/LogoTopSolid.png","width":1429,"height":353,"caption":"TOPSOLID SAS"},"image":{"@id":"https:\/\/blog.topsolid.com\/fr\/#\/schema\/logo\/image\/"},"sameAs":["https:\/\/www.facebook.com\/topsolid.corporate","https:\/\/x.com\/TopSolid","https:\/\/www.linkedin.com\/company\/topsolid-corporate"]}]}},"_links":{"self":[{"href":"https:\/\/blog.topsolid.com\/fr\/wp-json\/wp\/v2\/pages\/29","targetHints":{"allow":["GET"]}}],"collection":[{"href":"https:\/\/blog.topsolid.com\/fr\/wp-json\/wp\/v2\/pages"}],"about":[{"href":"https:\/\/blog.topsolid.com\/fr\/wp-json\/wp\/v2\/types\/page"}],"author":[{"embeddable":true,"href":"https:\/\/blog.topsolid.com\/fr\/wp-json\/wp\/v2\/users\/1"}],"replies":[{"embeddable":true,"href":"https:\/\/blog.topsolid.com\/fr\/wp-json\/wp\/v2\/comments?post=29"}],"version-history":[{"count":68,"href":"https:\/\/blog.topsolid.com\/fr\/wp-json\/wp\/v2\/pages\/29\/revisions"}],"predecessor-version":[{"id":14758,"href":"https:\/\/blog.topsolid.com\/fr\/wp-json\/wp\/v2\/pages\/29\/revisions\/14758"}],"wp:attachment":[{"href":"https:\/\/blog.topsolid.com\/fr\/wp-json\/wp\/v2\/media?parent=29"}],"curies":[{"name":"wp","href":"https:\/\/api.w.org\/{rel}","templated":true}]}}