{"id":5378,"date":"2018-08-06T15:46:35","date_gmt":"2018-08-06T13:46:35","guid":{"rendered":"https:\/\/blog.topsolid.com\/home\/"},"modified":"2026-03-04T14:43:42","modified_gmt":"2026-03-04T13:43:42","slug":"home","status":"publish","type":"page","link":"https:\/\/blog.topsolid.com\/tr\/","title":{"rendered":"Home"},"content":{"rendered":"<p>[et_pb_section fb_built=&#8221;1&#8243; fullwidth=&#8221;on&#8221; _builder_version=&#8221;4.16&#8243; custom_padding=&#8221;0px|0px|40px|0px|false|false&#8221; global_colors_info=&#8221;{}&#8221;][et_pb_fullwidth_image src=&#8221;https:\/\/blog.topsolid.com\/wp-content\/uploads\/2026\/03\/TOPSOLID-Blog-Turque.jpg&#8221; title_text=&#8221;TOPSOLID &#8211; Blog &#8211; Turque&#8221; _builder_version=&#8221;4.27.4&#8243; hover_enabled=&#8221;0&#8243; global_colors_info=&#8221;{}&#8221; sticky_enabled=&#8221;0&#8243;][\/et_pb_fullwidth_image][\/et_pb_section][et_pb_section fb_built=&#8221;1&#8243; _builder_version=&#8221;4.16&#8243; custom_margin=&#8221;12px||0px|&#8221; custom_padding=&#8221;0px||0px|&#8221; global_colors_info=&#8221;{}&#8221;][et_pb_row column_structure=&#8221;3_4,1_4&#8243; module_class=&#8221; et_pb_row_fullwidth&#8221; _builder_version=&#8221;4.16&#8243; width=&#8221;89%&#8221; width_tablet=&#8221;80%&#8221; width_phone=&#8221;&#8221; width_last_edited=&#8221;on|desktop&#8221; max_width=&#8221;89%&#8221; max_width_tablet=&#8221;80%&#8221; max_width_phone=&#8221;&#8221; max_width_last_edited=&#8221;on|desktop&#8221; custom_padding=&#8221;0|0px|27px|0px|false|false&#8221; make_fullwidth=&#8221;on&#8221; global_colors_info=&#8221;{}&#8221;][et_pb_column type=&#8221;3_4&#8243; _builder_version=&#8221;4.16&#8243; custom_padding=&#8221;|||&#8221; global_colors_info=&#8221;{}&#8221; custom_padding__hover=&#8221;|||&#8221;][et_pb_blog fullwidth=&#8221;off&#8221; posts_number=&#8221;20&#8243; meta_date=&#8221;j M Y&#8221; show_more=&#8221;on&#8221; show_author=&#8221;off&#8221; show_date=&#8221;off&#8221; show_categories=&#8221;off&#8221; use_overlay=&#8221;on&#8221; _builder_version=&#8221;4.17.4&#8243; parallax=&#8221;on&#8221; module_alignment=&#8221;left&#8221; custom_padding=&#8221;||||false&#8221; saved_tabs=&#8221;all&#8221; global_colors_info=&#8221;{}&#8221;][\/et_pb_blog][\/et_pb_column][et_pb_column type=&#8221;1_4&#8243; _builder_version=&#8221;4.16&#8243; custom_padding=&#8221;|||&#8221; global_colors_info=&#8221;{}&#8221; custom_padding__hover=&#8221;|||&#8221;][et_pb_sidebar area=&#8221;sidebar-1&#8243; show_border=&#8221;off&#8221; _builder_version=&#8221;4.16&#8243; global_colors_info=&#8221;{}&#8221;][\/et_pb_sidebar][\/et_pb_column][\/et_pb_row][\/et_pb_section]<\/p>\n","protected":false},"excerpt":{"rendered":"","protected":false},"author":1,"featured_media":0,"parent":0,"menu_order":0,"comment_status":"closed","ping_status":"closed","template":"","meta":{"_et_pb_use_builder":"on","_et_pb_old_content":"","_et_gb_content_width":"","content-type":"","_themeisle_gutenberg_block_has_review":false,"footnotes":""},"class_list":["post-5378","page","type-page","status-publish","hentry"],"yoast_head":"<!-- This site is optimized with the Yoast SEO plugin v26.5 - https:\/\/yoast.com\/wordpress\/plugins\/seo\/ -->\n<title>CAD\/CAM Blog | TopSolid&#039;Blog<\/title>\n<meta name=\"description\" content=\"TopSolid&#039;Blog, blog v\u011bnovan\u00fd \u0159e\u0161en\u00edm CAD\/CAM. Objevte na\u0161e tipy, jak zv\u00fd\u0161it produktivitu n\u00e1vrhu, v\u00fdroby a \u0159\u00edzen\u00ed.\" \/>\n<meta name=\"robots\" content=\"index, follow, max-snippet:-1, max-image-preview:large, max-video-preview:-1\" \/>\n<link rel=\"canonical\" href=\"https:\/\/blog.topsolid.com\/tr\/\" \/>\n<meta property=\"og:locale\" content=\"tr_TR\" \/>\n<meta property=\"og:type\" content=\"article\" \/>\n<meta property=\"og:title\" content=\"CAD\/CAM Blog | TopSolid&#039;Blog\" \/>\n<meta property=\"og:description\" content=\"TopSolid&#039;Blog, blog v\u011bnovan\u00fd \u0159e\u0161en\u00edm CAD\/CAM. Objevte na\u0161e tipy, jak zv\u00fd\u0161it produktivitu n\u00e1vrhu, v\u00fdroby a \u0159\u00edzen\u00ed.\" \/>\n<meta property=\"og:url\" content=\"https:\/\/blog.topsolid.com\/tr\/\" \/>\n<meta property=\"og:site_name\" content=\"TopSolid&#039;Blog\" \/>\n<meta property=\"article:publisher\" content=\"https:\/\/www.facebook.com\/topsolid.corporate\" \/>\n<meta property=\"article:modified_time\" content=\"2026-03-04T13:43:42+00:00\" \/>\n<meta name=\"twitter:card\" content=\"summary_large_image\" \/>\n<meta name=\"twitter:site\" content=\"@TopSolid\" \/>\n<meta name=\"twitter:label1\" content=\"Tahmini okuma s\u00fcresi\" \/>\n\t<meta name=\"twitter:data1\" content=\"4 dakika\" \/>\n<script type=\"application\/ld+json\" class=\"yoast-schema-graph\">{\"@context\":\"https:\/\/schema.org\",\"@graph\":[{\"@type\":\"WebPage\",\"@id\":\"https:\/\/blog.topsolid.com\/tr\/\",\"url\":\"https:\/\/blog.topsolid.com\/tr\/\",\"name\":\"CAD\/CAM Blog | TopSolid'Blog\",\"isPartOf\":{\"@id\":\"https:\/\/blog.topsolid.com\/tr\/#website\"},\"datePublished\":\"2018-08-06T13:46:35+00:00\",\"dateModified\":\"2026-03-04T13:43:42+00:00\",\"description\":\"TopSolid'Blog, blog v\u011bnovan\u00fd \u0159e\u0161en\u00edm CAD\/CAM. Objevte na\u0161e tipy, jak zv\u00fd\u0161it produktivitu n\u00e1vrhu, v\u00fdroby a \u0159\u00edzen\u00ed.\",\"breadcrumb\":{\"@id\":\"https:\/\/blog.topsolid.com\/tr\/#breadcrumb\"},\"inLanguage\":\"tr\",\"potentialAction\":[{\"@type\":\"ReadAction\",\"target\":[\"https:\/\/blog.topsolid.com\/tr\/\"]}]},{\"@type\":\"BreadcrumbList\",\"@id\":\"https:\/\/blog.topsolid.com\/tr\/#breadcrumb\",\"itemListElement\":[{\"@type\":\"ListItem\",\"position\":1,\"name\":\"Accueil\",\"item\":\"https:\/\/blog.topsolid.com\/tr\/\"},{\"@type\":\"ListItem\",\"position\":2,\"name\":\"Home\"}]},{\"@type\":\"WebSite\",\"@id\":\"https:\/\/blog.topsolid.com\/tr\/#website\",\"url\":\"https:\/\/blog.topsolid.com\/tr\/\",\"name\":\"TopSolid&#039;Blog\",\"description\":\"TopSolid Official Blog\",\"publisher\":{\"@id\":\"https:\/\/blog.topsolid.com\/tr\/#organization\"},\"potentialAction\":[{\"@type\":\"SearchAction\",\"target\":{\"@type\":\"EntryPoint\",\"urlTemplate\":\"https:\/\/blog.topsolid.com\/tr\/?s={search_term_string}\"},\"query-input\":{\"@type\":\"PropertyValueSpecification\",\"valueRequired\":true,\"valueName\":\"search_term_string\"}}],\"inLanguage\":\"tr\"},{\"@type\":\"Organization\",\"@id\":\"https:\/\/blog.topsolid.com\/tr\/#organization\",\"name\":\"TOPSOLID SAS\",\"url\":\"https:\/\/blog.topsolid.com\/tr\/\",\"logo\":{\"@type\":\"ImageObject\",\"inLanguage\":\"tr\",\"@id\":\"https:\/\/blog.topsolid.com\/tr\/#\/schema\/logo\/image\/\",\"url\":\"https:\/\/blog.topsolid.com\/wp-content\/uploads\/2020\/09\/LogoTopSolid.png\",\"contentUrl\":\"https:\/\/blog.topsolid.com\/wp-content\/uploads\/2020\/09\/LogoTopSolid.png\",\"width\":1429,\"height\":353,\"caption\":\"TOPSOLID SAS\"},\"image\":{\"@id\":\"https:\/\/blog.topsolid.com\/tr\/#\/schema\/logo\/image\/\"},\"sameAs\":[\"https:\/\/www.facebook.com\/topsolid.corporate\",\"https:\/\/x.com\/TopSolid\",\"https:\/\/www.linkedin.com\/company\/topsolid-corporate\"]}]}<\/script>\n<!-- \/ Yoast SEO plugin. -->","yoast_head_json":{"title":"CAD\/CAM Blog | TopSolid'Blog","description":"TopSolid'Blog, blog v\u011bnovan\u00fd \u0159e\u0161en\u00edm CAD\/CAM. Objevte na\u0161e tipy, jak zv\u00fd\u0161it produktivitu n\u00e1vrhu, v\u00fdroby a \u0159\u00edzen\u00ed.","robots":{"index":"index","follow":"follow","max-snippet":"max-snippet:-1","max-image-preview":"max-image-preview:large","max-video-preview":"max-video-preview:-1"},"canonical":"https:\/\/blog.topsolid.com\/tr\/","og_locale":"tr_TR","og_type":"article","og_title":"CAD\/CAM Blog | TopSolid'Blog","og_description":"TopSolid'Blog, blog v\u011bnovan\u00fd \u0159e\u0161en\u00edm CAD\/CAM. Objevte na\u0161e tipy, jak zv\u00fd\u0161it produktivitu n\u00e1vrhu, v\u00fdroby a \u0159\u00edzen\u00ed.","og_url":"https:\/\/blog.topsolid.com\/tr\/","og_site_name":"TopSolid&#039;Blog","article_publisher":"https:\/\/www.facebook.com\/topsolid.corporate","article_modified_time":"2026-03-04T13:43:42+00:00","twitter_card":"summary_large_image","twitter_site":"@TopSolid","twitter_misc":{"Tahmini okuma s\u00fcresi":"4 dakika"},"schema":{"@context":"https:\/\/schema.org","@graph":[{"@type":"WebPage","@id":"https:\/\/blog.topsolid.com\/tr\/","url":"https:\/\/blog.topsolid.com\/tr\/","name":"CAD\/CAM Blog | TopSolid'Blog","isPartOf":{"@id":"https:\/\/blog.topsolid.com\/tr\/#website"},"datePublished":"2018-08-06T13:46:35+00:00","dateModified":"2026-03-04T13:43:42+00:00","description":"TopSolid'Blog, blog v\u011bnovan\u00fd \u0159e\u0161en\u00edm CAD\/CAM. Objevte na\u0161e tipy, jak zv\u00fd\u0161it produktivitu n\u00e1vrhu, v\u00fdroby a \u0159\u00edzen\u00ed.","breadcrumb":{"@id":"https:\/\/blog.topsolid.com\/tr\/#breadcrumb"},"inLanguage":"tr","potentialAction":[{"@type":"ReadAction","target":["https:\/\/blog.topsolid.com\/tr\/"]}]},{"@type":"BreadcrumbList","@id":"https:\/\/blog.topsolid.com\/tr\/#breadcrumb","itemListElement":[{"@type":"ListItem","position":1,"name":"Accueil","item":"https:\/\/blog.topsolid.com\/tr\/"},{"@type":"ListItem","position":2,"name":"Home"}]},{"@type":"WebSite","@id":"https:\/\/blog.topsolid.com\/tr\/#website","url":"https:\/\/blog.topsolid.com\/tr\/","name":"TopSolid&#039;Blog","description":"TopSolid Official Blog","publisher":{"@id":"https:\/\/blog.topsolid.com\/tr\/#organization"},"potentialAction":[{"@type":"SearchAction","target":{"@type":"EntryPoint","urlTemplate":"https:\/\/blog.topsolid.com\/tr\/?s={search_term_string}"},"query-input":{"@type":"PropertyValueSpecification","valueRequired":true,"valueName":"search_term_string"}}],"inLanguage":"tr"},{"@type":"Organization","@id":"https:\/\/blog.topsolid.com\/tr\/#organization","name":"TOPSOLID SAS","url":"https:\/\/blog.topsolid.com\/tr\/","logo":{"@type":"ImageObject","inLanguage":"tr","@id":"https:\/\/blog.topsolid.com\/tr\/#\/schema\/logo\/image\/","url":"https:\/\/blog.topsolid.com\/wp-content\/uploads\/2020\/09\/LogoTopSolid.png","contentUrl":"https:\/\/blog.topsolid.com\/wp-content\/uploads\/2020\/09\/LogoTopSolid.png","width":1429,"height":353,"caption":"TOPSOLID SAS"},"image":{"@id":"https:\/\/blog.topsolid.com\/tr\/#\/schema\/logo\/image\/"},"sameAs":["https:\/\/www.facebook.com\/topsolid.corporate","https:\/\/x.com\/TopSolid","https:\/\/www.linkedin.com\/company\/topsolid-corporate"]}]}},"_links":{"self":[{"href":"https:\/\/blog.topsolid.com\/tr\/wp-json\/wp\/v2\/pages\/5378","targetHints":{"allow":["GET"]}}],"collection":[{"href":"https:\/\/blog.topsolid.com\/tr\/wp-json\/wp\/v2\/pages"}],"about":[{"href":"https:\/\/blog.topsolid.com\/tr\/wp-json\/wp\/v2\/types\/page"}],"author":[{"embeddable":true,"href":"https:\/\/blog.topsolid.com\/tr\/wp-json\/wp\/v2\/users\/1"}],"replies":[{"embeddable":true,"href":"https:\/\/blog.topsolid.com\/tr\/wp-json\/wp\/v2\/comments?post=5378"}],"version-history":[{"count":14,"href":"https:\/\/blog.topsolid.com\/tr\/wp-json\/wp\/v2\/pages\/5378\/revisions"}],"predecessor-version":[{"id":14782,"href":"https:\/\/blog.topsolid.com\/tr\/wp-json\/wp\/v2\/pages\/5378\/revisions\/14782"}],"wp:attachment":[{"href":"https:\/\/blog.topsolid.com\/tr\/wp-json\/wp\/v2\/media?parent=5378"}],"curies":[{"name":"wp","href":"https:\/\/api.w.org\/{rel}","templated":true}]}}